{"id":106939,"date":"2022-09-02T11:01:50","date_gmt":"2022-09-02T08:01:50","guid":{"rendered":"https:\/\/www.senartboya.com\/urun\/rulo-varak-gumus-120mt\/"},"modified":"2022-09-02T11:01:52","modified_gmt":"2022-09-02T08:01:52","slug":"rulo-varak-gumus-120mt","status":"publish","type":"product","link":"https:\/\/demoproje.web.tr\/art\/urun\/rulo-varak-gumus-120mt\/","title":{"rendered":"RULO VARAK G\u00dcM\u00dc\u015e 120MT"},"content":{"rendered":"","protected":false},"excerpt":{"rendered":"","protected":false},"featured_media":117636,"comment_status":"closed","ping_status":"open","template":"","meta":[],"product_brand":[],"product_cat":[1964,2319],"product_tag":[],"class_list":{"0":"post-106939","1":"product","2":"type-product","3":"status-publish","4":"has-post-thumbnail","6":"product_cat-cadence","7":"product_cat-cadence-varaklar","9":"first","10":"instock","11":"purchasable","12":"product-type-simple"},"_links":{"self":[{"href":"https:\/\/demoproje.web.tr\/art\/wp-json\/wp\/v2\/product\/106939","targetHints":{"allow":["GET"]}}],"collection":[{"href":"https:\/\/demoproje.web.tr\/art\/wp-json\/wp\/v2\/product"}],"about":[{"href":"https:\/\/demoproje.web.tr\/art\/wp-json\/wp\/v2\/types\/product"}],"replies":[{"embeddable":true,"href":"https:\/\/demoproje.web.tr\/art\/wp-json\/wp\/v2\/comments?post=106939"}],"wp:featuredmedia":[{"embeddable":true,"href":"https:\/\/demoproje.web.tr\/art\/wp-json\/wp\/v2\/media\/117636"}],"wp:attachment":[{"href":"https:\/\/demoproje.web.tr\/art\/wp-json\/wp\/v2\/media?parent=106939"}],"wp:term":[{"taxonomy":"product_brand","embeddable":true,"href":"https:\/\/demoproje.web.tr\/art\/wp-json\/wp\/v2\/product_brand?post=106939"},{"taxonomy":"product_cat","embeddable":true,"href":"https:\/\/demoproje.web.tr\/art\/wp-json\/wp\/v2\/product_cat?post=106939"},{"taxonomy":"product_tag","embeddable":true,"href":"https:\/\/demoproje.web.tr\/art\/wp-json\/wp\/v2\/product_tag?post=106939"}],"curies":[{"name":"wp","href":"https:\/\/api.w.org\/{rel}","templated":true}]}}