{"id":111932,"date":"2023-05-13T14:09:04","date_gmt":"2023-05-13T11:09:04","guid":{"rendered":"https:\/\/www.senartboya.com\/urun\/kumas-catlatma-tc-03-gar-gri-step1step2-50ml50ml\/"},"modified":"2023-05-13T14:09:04","modified_gmt":"2023-05-13T11:09:04","slug":"kumas-catlatma-tc-03-gar-gri-step1step2-50ml50ml","status":"publish","type":"product","link":"https:\/\/demoproje.web.tr\/art\/urun\/kumas-catlatma-tc-03-gar-gri-step1step2-50ml50ml\/","title":{"rendered":"KUMA\u015e \u00c7ATLATMA TC-03 GAR.GR\u0130 STEP1+STEP2 50ML+50ML"},"content":{"rendered":"","protected":false},"excerpt":{"rendered":"","protected":false},"featured_media":0,"comment_status":"closed","ping_status":"open","template":"","meta":[],"product_brand":[],"product_cat":[1964,1999,2145],"product_tag":[],"class_list":{"0":"post-111932","1":"product","2":"type-product","3":"status-publish","5":"product_cat-cadence","6":"product_cat-cadence-catlatma","7":"product_cat-kumas-catlatma","9":"first","10":"instock","11":"purchasable","12":"product-type-simple"},"_links":{"self":[{"href":"https:\/\/demoproje.web.tr\/art\/wp-json\/wp\/v2\/product\/111932","targetHints":{"allow":["GET"]}}],"collection":[{"href":"https:\/\/demoproje.web.tr\/art\/wp-json\/wp\/v2\/product"}],"about":[{"href":"https:\/\/demoproje.web.tr\/art\/wp-json\/wp\/v2\/types\/product"}],"replies":[{"embeddable":true,"href":"https:\/\/demoproje.web.tr\/art\/wp-json\/wp\/v2\/comments?post=111932"}],"wp:attachment":[{"href":"https:\/\/demoproje.web.tr\/art\/wp-json\/wp\/v2\/media?parent=111932"}],"wp:term":[{"taxonomy":"product_brand","embeddable":true,"href":"https:\/\/demoproje.web.tr\/art\/wp-json\/wp\/v2\/product_brand?post=111932"},{"taxonomy":"product_cat","embeddable":true,"href":"https:\/\/demoproje.web.tr\/art\/wp-json\/wp\/v2\/product_cat?post=111932"},{"taxonomy":"product_tag","embeddable":true,"href":"https:\/\/demoproje.web.tr\/art\/wp-json\/wp\/v2\/product_tag?post=111932"}],"curies":[{"name":"wp","href":"https:\/\/api.w.org\/{rel}","templated":true}]}}