{"id":120495,"date":"2023-05-13T14:41:01","date_gmt":"2023-05-13T11:41:01","guid":{"rendered":"https:\/\/www.senartboya.com\/urun\/altin-sentetik-uzun-sivri-uc-firca-ca-983-no4\/"},"modified":"2023-05-13T14:41:08","modified_gmt":"2023-05-13T11:41:08","slug":"altin-sentetik-uzun-sivri-uc-firca-ca-983-no4","status":"publish","type":"product","link":"https:\/\/demoproje.web.tr\/art\/urun\/altin-sentetik-uzun-sivri-uc-firca-ca-983-no4\/","title":{"rendered":"ALTIN SENTET\u0130K UZUN S\u0130VR\u0130 U\u00c7 FIR\u00c7A CA-983 NO:4"},"content":{"rendered":"","protected":false},"excerpt":{"rendered":"","protected":false},"featured_media":0,"comment_status":"closed","ping_status":"open","template":"","meta":[],"product_brand":[],"product_cat":[1964,2153],"product_tag":[],"class_list":{"0":"post-120495","1":"product","2":"type-product","3":"status-publish","5":"product_cat-cadence","6":"product_cat-cadence-firca","8":"first","9":"instock","10":"purchasable","11":"product-type-simple"},"_links":{"self":[{"href":"https:\/\/demoproje.web.tr\/art\/wp-json\/wp\/v2\/product\/120495","targetHints":{"allow":["GET"]}}],"collection":[{"href":"https:\/\/demoproje.web.tr\/art\/wp-json\/wp\/v2\/product"}],"about":[{"href":"https:\/\/demoproje.web.tr\/art\/wp-json\/wp\/v2\/types\/product"}],"replies":[{"embeddable":true,"href":"https:\/\/demoproje.web.tr\/art\/wp-json\/wp\/v2\/comments?post=120495"}],"wp:attachment":[{"href":"https:\/\/demoproje.web.tr\/art\/wp-json\/wp\/v2\/media?parent=120495"}],"wp:term":[{"taxonomy":"product_brand","embeddable":true,"href":"https:\/\/demoproje.web.tr\/art\/wp-json\/wp\/v2\/product_brand?post=120495"},{"taxonomy":"product_cat","embeddable":true,"href":"https:\/\/demoproje.web.tr\/art\/wp-json\/wp\/v2\/product_cat?post=120495"},{"taxonomy":"product_tag","embeddable":true,"href":"https:\/\/demoproje.web.tr\/art\/wp-json\/wp\/v2\/product_tag?post=120495"}],"curies":[{"name":"wp","href":"https:\/\/api.w.org\/{rel}","templated":true}]}}