{"id":54007,"date":"2023-05-13T13:29:25","date_gmt":"2023-05-13T10:29:25","guid":{"rendered":"https:\/\/www.senartboya.com\/urun\/hybrid-dora-metalik-7135-yesil-90ml-2\/"},"modified":"2023-05-13T13:29:39","modified_gmt":"2023-05-13T10:29:39","slug":"hybrid-dora-metalik-7135-yesil-90ml","status":"publish","type":"product","link":"https:\/\/demoproje.web.tr\/art\/urun\/hybrid-dora-metalik-7135-yesil-90ml\/","title":{"rendered":"HYBRID DORA METAL\u0130K 7135 YE\u015e\u0130L 90ML"},"content":{"rendered":"","protected":false},"excerpt":{"rendered":"","protected":false},"featured_media":131472,"comment_status":"closed","ping_status":"open","template":"","meta":[],"product_brand":[],"product_cat":[1964,1988,2001],"product_tag":[],"class_list":{"0":"post-54007","1":"product","2":"type-product","3":"status-publish","4":"has-post-thumbnail","6":"product_cat-cadence","7":"product_cat-cadence-akrilik-metalik-boyalar","8":"product_cat-cadence-hybrid-dora-metalik-boya","10":"first","11":"instock","12":"purchasable","13":"product-type-simple"},"_links":{"self":[{"href":"https:\/\/demoproje.web.tr\/art\/wp-json\/wp\/v2\/product\/54007","targetHints":{"allow":["GET"]}}],"collection":[{"href":"https:\/\/demoproje.web.tr\/art\/wp-json\/wp\/v2\/product"}],"about":[{"href":"https:\/\/demoproje.web.tr\/art\/wp-json\/wp\/v2\/types\/product"}],"replies":[{"embeddable":true,"href":"https:\/\/demoproje.web.tr\/art\/wp-json\/wp\/v2\/comments?post=54007"}],"wp:featuredmedia":[{"embeddable":true,"href":"https:\/\/demoproje.web.tr\/art\/wp-json\/wp\/v2\/media\/131472"}],"wp:attachment":[{"href":"https:\/\/demoproje.web.tr\/art\/wp-json\/wp\/v2\/media?parent=54007"}],"wp:term":[{"taxonomy":"product_brand","embeddable":true,"href":"https:\/\/demoproje.web.tr\/art\/wp-json\/wp\/v2\/product_brand?post=54007"},{"taxonomy":"product_cat","embeddable":true,"href":"https:\/\/demoproje.web.tr\/art\/wp-json\/wp\/v2\/product_cat?post=54007"},{"taxonomy":"product_tag","embeddable":true,"href":"https:\/\/demoproje.web.tr\/art\/wp-json\/wp\/v2\/product_tag?post=54007"}],"curies":[{"name":"wp","href":"https:\/\/api.w.org\/{rel}","templated":true}]}}