{"id":54133,"date":"2023-05-13T13:38:20","date_gmt":"2023-05-13T10:38:20","guid":{"rendered":"https:\/\/www.senartboya.com\/urun\/kumas-sprey-boya-1102-gunes-sari-100ml-2\/"},"modified":"2023-05-13T13:38:20","modified_gmt":"2023-05-13T10:38:20","slug":"kumas-sprey-boya-1102-gunes-sari-100ml","status":"publish","type":"product","link":"https:\/\/demoproje.web.tr\/art\/urun\/kumas-sprey-boya-1102-gunes-sari-100ml\/","title":{"rendered":"KUMA\u015e SPREY BOYA 1102 G\u00dcNE\u015e SARI 100ML"},"content":{"rendered":"","protected":false},"excerpt":{"rendered":"","protected":false},"featured_media":0,"comment_status":"closed","ping_status":"open","template":"","meta":[],"product_brand":[],"product_cat":[1964,1978,2008,2489],"product_tag":[],"class_list":{"0":"post-54133","1":"product","2":"type-product","3":"status-publish","5":"product_cat-cadence","6":"product_cat-akrilik-boyalar","7":"product_cat-cadence-kumas-sprey-boya","8":"product_cat-cadence-kumas-sprey-boya-100-ml","10":"first","11":"instock","12":"purchasable","13":"product-type-simple"},"_links":{"self":[{"href":"https:\/\/demoproje.web.tr\/art\/wp-json\/wp\/v2\/product\/54133","targetHints":{"allow":["GET"]}}],"collection":[{"href":"https:\/\/demoproje.web.tr\/art\/wp-json\/wp\/v2\/product"}],"about":[{"href":"https:\/\/demoproje.web.tr\/art\/wp-json\/wp\/v2\/types\/product"}],"replies":[{"embeddable":true,"href":"https:\/\/demoproje.web.tr\/art\/wp-json\/wp\/v2\/comments?post=54133"}],"wp:attachment":[{"href":"https:\/\/demoproje.web.tr\/art\/wp-json\/wp\/v2\/media?parent=54133"}],"wp:term":[{"taxonomy":"product_brand","embeddable":true,"href":"https:\/\/demoproje.web.tr\/art\/wp-json\/wp\/v2\/product_brand?post=54133"},{"taxonomy":"product_cat","embeddable":true,"href":"https:\/\/demoproje.web.tr\/art\/wp-json\/wp\/v2\/product_cat?post=54133"},{"taxonomy":"product_tag","embeddable":true,"href":"https:\/\/demoproje.web.tr\/art\/wp-json\/wp\/v2\/product_tag?post=54133"}],"curies":[{"name":"wp","href":"https:\/\/api.w.org\/{rel}","templated":true}]}}