{"id":54218,"date":"2023-05-13T13:42:40","date_gmt":"2023-05-13T10:42:40","guid":{"rendered":"https:\/\/www.senartboya.com\/urun\/subazli-yaldiz-boya-102-gumus-120ml-2\/"},"modified":"2023-05-13T13:42:42","modified_gmt":"2023-05-13T10:42:42","slug":"subazli-yaldiz-boya-102-gumus-120ml","status":"publish","type":"product","link":"https:\/\/demoproje.web.tr\/art\/urun\/subazli-yaldiz-boya-102-gumus-120ml\/","title":{"rendered":"SUBAZLI YALDIZ BOYA 102 G\u00dcM\u00dc\u015e 120ML"},"content":{"rendered":"","protected":false},"excerpt":{"rendered":"","protected":false},"featured_media":131643,"comment_status":"closed","ping_status":"open","template":"","meta":[],"product_brand":[],"product_cat":[1964,1988,2023],"product_tag":[],"class_list":{"0":"post-54218","1":"product","2":"type-product","3":"status-publish","4":"has-post-thumbnail","6":"product_cat-cadence","7":"product_cat-cadence-akrilik-metalik-boyalar","8":"product_cat-cadence-su-bazli-yaldiz-boya","10":"first","11":"instock","12":"purchasable","13":"product-type-simple"},"_links":{"self":[{"href":"https:\/\/demoproje.web.tr\/art\/wp-json\/wp\/v2\/product\/54218","targetHints":{"allow":["GET"]}}],"collection":[{"href":"https:\/\/demoproje.web.tr\/art\/wp-json\/wp\/v2\/product"}],"about":[{"href":"https:\/\/demoproje.web.tr\/art\/wp-json\/wp\/v2\/types\/product"}],"replies":[{"embeddable":true,"href":"https:\/\/demoproje.web.tr\/art\/wp-json\/wp\/v2\/comments?post=54218"}],"wp:featuredmedia":[{"embeddable":true,"href":"https:\/\/demoproje.web.tr\/art\/wp-json\/wp\/v2\/media\/131643"}],"wp:attachment":[{"href":"https:\/\/demoproje.web.tr\/art\/wp-json\/wp\/v2\/media?parent=54218"}],"wp:term":[{"taxonomy":"product_brand","embeddable":true,"href":"https:\/\/demoproje.web.tr\/art\/wp-json\/wp\/v2\/product_brand?post=54218"},{"taxonomy":"product_cat","embeddable":true,"href":"https:\/\/demoproje.web.tr\/art\/wp-json\/wp\/v2\/product_cat?post=54218"},{"taxonomy":"product_tag","embeddable":true,"href":"https:\/\/demoproje.web.tr\/art\/wp-json\/wp\/v2\/product_tag?post=54218"}],"curies":[{"name":"wp","href":"https:\/\/api.w.org\/{rel}","templated":true}]}}