{"id":54458,"date":"2022-09-02T10:12:36","date_gmt":"2022-09-02T07:12:36","guid":{"rendered":"https:\/\/www.senartboya.com\/urun\/shake-gilt-sivi-sim-gumus-25ml-2\/"},"modified":"2022-09-02T10:12:48","modified_gmt":"2022-09-02T07:12:48","slug":"shake-gilt-sivi-sim-gumus-25ml","status":"publish","type":"product","link":"https:\/\/demoproje.web.tr\/art\/urun\/shake-gilt-sivi-sim-gumus-25ml\/","title":{"rendered":"SHAKE &#038; GILT SIVI S\u0130M G\u00dcM\u00dc\u015e 25ML"},"content":{"rendered":"","protected":false},"excerpt":{"rendered":"","protected":false},"featured_media":116452,"comment_status":"closed","ping_status":"open","template":"","meta":[],"product_brand":[],"product_cat":[1964,1985],"product_tag":[],"class_list":{"0":"post-54458","1":"product","2":"type-product","3":"status-publish","4":"has-post-thumbnail","6":"product_cat-cadence","7":"product_cat-cadence-efekt-boyalar","9":"first","10":"instock","11":"purchasable","12":"product-type-simple"},"_links":{"self":[{"href":"https:\/\/demoproje.web.tr\/art\/wp-json\/wp\/v2\/product\/54458","targetHints":{"allow":["GET"]}}],"collection":[{"href":"https:\/\/demoproje.web.tr\/art\/wp-json\/wp\/v2\/product"}],"about":[{"href":"https:\/\/demoproje.web.tr\/art\/wp-json\/wp\/v2\/types\/product"}],"replies":[{"embeddable":true,"href":"https:\/\/demoproje.web.tr\/art\/wp-json\/wp\/v2\/comments?post=54458"}],"wp:featuredmedia":[{"embeddable":true,"href":"https:\/\/demoproje.web.tr\/art\/wp-json\/wp\/v2\/media\/116452"}],"wp:attachment":[{"href":"https:\/\/demoproje.web.tr\/art\/wp-json\/wp\/v2\/media?parent=54458"}],"wp:term":[{"taxonomy":"product_brand","embeddable":true,"href":"https:\/\/demoproje.web.tr\/art\/wp-json\/wp\/v2\/product_brand?post=54458"},{"taxonomy":"product_cat","embeddable":true,"href":"https:\/\/demoproje.web.tr\/art\/wp-json\/wp\/v2\/product_cat?post=54458"},{"taxonomy":"product_tag","embeddable":true,"href":"https:\/\/demoproje.web.tr\/art\/wp-json\/wp\/v2\/product_tag?post=54458"}],"curies":[{"name":"wp","href":"https:\/\/api.w.org\/{rel}","templated":true}]}}