{"id":54485,"date":"2022-09-02T10:14:10","date_gmt":"2022-09-02T07:14:10","guid":{"rendered":"https:\/\/www.senartboya.com\/urun\/shabby-chic-rolyef-pasta-sr-07-kullu-gul-150ml-2\/"},"modified":"2022-09-02T10:14:12","modified_gmt":"2022-09-02T07:14:12","slug":"shabby-chic-rolyef-pasta-sr-07-kullu-gul-150ml","status":"publish","type":"product","link":"https:\/\/demoproje.web.tr\/art\/urun\/shabby-chic-rolyef-pasta-sr-07-kullu-gul-150ml\/","title":{"rendered":"SHABBY CHIC R\u00d6LYEF PASTA SR-07 K\u00dcLL\u00dc G\u00dcL 150ML"},"content":{"rendered":"","protected":false},"excerpt":{"rendered":"","protected":false},"featured_media":116475,"comment_status":"closed","ping_status":"open","template":"","meta":[],"product_brand":[],"product_cat":[1964,2013,2068],"product_tag":[],"class_list":{"0":"post-54485","1":"product","2":"type-product","3":"status-publish","4":"has-post-thumbnail","6":"product_cat-cadence","7":"product_cat-rolyef-pastalar","8":"product_cat-shabby-chic-rolyef-pasta","10":"first","11":"instock","12":"purchasable","13":"product-type-simple"},"_links":{"self":[{"href":"https:\/\/demoproje.web.tr\/art\/wp-json\/wp\/v2\/product\/54485","targetHints":{"allow":["GET"]}}],"collection":[{"href":"https:\/\/demoproje.web.tr\/art\/wp-json\/wp\/v2\/product"}],"about":[{"href":"https:\/\/demoproje.web.tr\/art\/wp-json\/wp\/v2\/types\/product"}],"replies":[{"embeddable":true,"href":"https:\/\/demoproje.web.tr\/art\/wp-json\/wp\/v2\/comments?post=54485"}],"wp:featuredmedia":[{"embeddable":true,"href":"https:\/\/demoproje.web.tr\/art\/wp-json\/wp\/v2\/media\/116475"}],"wp:attachment":[{"href":"https:\/\/demoproje.web.tr\/art\/wp-json\/wp\/v2\/media?parent=54485"}],"wp:term":[{"taxonomy":"product_brand","embeddable":true,"href":"https:\/\/demoproje.web.tr\/art\/wp-json\/wp\/v2\/product_brand?post=54485"},{"taxonomy":"product_cat","embeddable":true,"href":"https:\/\/demoproje.web.tr\/art\/wp-json\/wp\/v2\/product_cat?post=54485"},{"taxonomy":"product_tag","embeddable":true,"href":"https:\/\/demoproje.web.tr\/art\/wp-json\/wp\/v2\/product_tag?post=54485"}],"curies":[{"name":"wp","href":"https:\/\/api.w.org\/{rel}","templated":true}]}}