{"id":61383,"date":"2023-05-13T14:12:21","date_gmt":"2023-05-13T11:12:21","guid":{"rendered":"https:\/\/www.senartboya.com\/urun\/hybrid-akr-multisurface-simli-gumus-hsg-089-kuf-y\/"},"modified":"2023-05-13T14:12:21","modified_gmt":"2023-05-13T11:12:21","slug":"hybrid-akr-multisurface-simli-gumus-hsg-089-kuf-y","status":"publish","type":"product","link":"https:\/\/demoproje.web.tr\/art\/urun\/hybrid-akr-multisurface-simli-gumus-hsg-089-kuf-y\/","title":{"rendered":"HYBRID AKR. MULT\u0130SURFACE S\u0130ML\u0130 G\u00dcM\u00dc\u015e HSG-089 K\u00dcF Y"},"content":{"rendered":"","protected":false},"excerpt":{"rendered":"","protected":false},"featured_media":132043,"comment_status":"closed","ping_status":"open","template":"","meta":[],"product_brand":[],"product_cat":[1964,1978,2890,2892],"product_tag":[],"class_list":{"0":"post-61383","1":"product","2":"type-product","3":"status-publish","4":"has-post-thumbnail","6":"product_cat-cadence","7":"product_cat-akrilik-boyalar","8":"product_cat-cadence-hybrid-akrilik-multisurface-simli-boya","9":"product_cat-500-ml-hybrid-akrilik-multisurface-simli-boya","11":"first","12":"instock","13":"purchasable","14":"product-type-simple"},"_links":{"self":[{"href":"https:\/\/demoproje.web.tr\/art\/wp-json\/wp\/v2\/product\/61383","targetHints":{"allow":["GET"]}}],"collection":[{"href":"https:\/\/demoproje.web.tr\/art\/wp-json\/wp\/v2\/product"}],"about":[{"href":"https:\/\/demoproje.web.tr\/art\/wp-json\/wp\/v2\/types\/product"}],"replies":[{"embeddable":true,"href":"https:\/\/demoproje.web.tr\/art\/wp-json\/wp\/v2\/comments?post=61383"}],"wp:featuredmedia":[{"embeddable":true,"href":"https:\/\/demoproje.web.tr\/art\/wp-json\/wp\/v2\/media\/132043"}],"wp:attachment":[{"href":"https:\/\/demoproje.web.tr\/art\/wp-json\/wp\/v2\/media?parent=61383"}],"wp:term":[{"taxonomy":"product_brand","embeddable":true,"href":"https:\/\/demoproje.web.tr\/art\/wp-json\/wp\/v2\/product_brand?post=61383"},{"taxonomy":"product_cat","embeddable":true,"href":"https:\/\/demoproje.web.tr\/art\/wp-json\/wp\/v2\/product_cat?post=61383"},{"taxonomy":"product_tag","embeddable":true,"href":"https:\/\/demoproje.web.tr\/art\/wp-json\/wp\/v2\/product_tag?post=61383"}],"curies":[{"name":"wp","href":"https:\/\/api.w.org\/{rel}","templated":true}]}}