{"id":61638,"date":"2022-12-23T14:11:46","date_gmt":"2022-12-23T11:11:46","guid":{"rendered":"https:\/\/www.senartboya.com\/urun\/tarak-firca-altin-sentetik-uc-ca-1090f-no12\/"},"modified":"2022-12-23T14:11:47","modified_gmt":"2022-12-23T11:11:47","slug":"tarak-firca-altin-sentetik-uc-ca-1090f-no12","status":"publish","type":"product","link":"https:\/\/demoproje.web.tr\/art\/urun\/tarak-firca-altin-sentetik-uc-ca-1090f-no12\/","title":{"rendered":"TARAK FIR\u00c7A ALTIN SENTET\u0130K U\u00c7 CA-1090F NO:1|2"},"content":{"rendered":"","protected":false},"excerpt":{"rendered":"","protected":false},"featured_media":120548,"comment_status":"closed","ping_status":"open","template":"","meta":[],"product_brand":[],"product_cat":[1964,2153,2367],"product_tag":[],"class_list":{"0":"post-61638","1":"product","2":"type-product","3":"status-publish","4":"has-post-thumbnail","6":"product_cat-cadence","7":"product_cat-cadence-firca","8":"product_cat-cadence-one-stroke-fircalar","10":"first","11":"instock","12":"purchasable","13":"product-type-simple"},"_links":{"self":[{"href":"https:\/\/demoproje.web.tr\/art\/wp-json\/wp\/v2\/product\/61638","targetHints":{"allow":["GET"]}}],"collection":[{"href":"https:\/\/demoproje.web.tr\/art\/wp-json\/wp\/v2\/product"}],"about":[{"href":"https:\/\/demoproje.web.tr\/art\/wp-json\/wp\/v2\/types\/product"}],"replies":[{"embeddable":true,"href":"https:\/\/demoproje.web.tr\/art\/wp-json\/wp\/v2\/comments?post=61638"}],"wp:featuredmedia":[{"embeddable":true,"href":"https:\/\/demoproje.web.tr\/art\/wp-json\/wp\/v2\/media\/120548"}],"wp:attachment":[{"href":"https:\/\/demoproje.web.tr\/art\/wp-json\/wp\/v2\/media?parent=61638"}],"wp:term":[{"taxonomy":"product_brand","embeddable":true,"href":"https:\/\/demoproje.web.tr\/art\/wp-json\/wp\/v2\/product_brand?post=61638"},{"taxonomy":"product_cat","embeddable":true,"href":"https:\/\/demoproje.web.tr\/art\/wp-json\/wp\/v2\/product_cat?post=61638"},{"taxonomy":"product_tag","embeddable":true,"href":"https:\/\/demoproje.web.tr\/art\/wp-json\/wp\/v2\/product_tag?post=61638"}],"curies":[{"name":"wp","href":"https:\/\/api.w.org\/{rel}","templated":true}]}}