{"id":95626,"date":"2023-05-13T15:46:00","date_gmt":"2023-05-13T12:46:00","guid":{"rendered":"https:\/\/www.senartboya.com\/urun\/senart-premium-akrilik-5100-zeytinyesil-120ml\/"},"modified":"2023-05-13T15:46:05","modified_gmt":"2023-05-13T12:46:05","slug":"senart-premium-akrilik-5100-zeytinyesil-120ml","status":"publish","type":"product","link":"https:\/\/demoproje.web.tr\/art\/urun\/senart-premium-akrilik-5100-zeytinyesil-120ml\/","title":{"rendered":"SENART PREM\u0130UM AKR\u0130L\u0130K  5100-ZEYT\u0130NYE\u015e\u0130L 120ML"},"content":{"rendered":"","protected":false},"excerpt":{"rendered":"","protected":false},"featured_media":133635,"comment_status":"closed","ping_status":"open","template":"","meta":[],"product_brand":[],"product_cat":[2942,2938,3113],"product_tag":[],"class_list":{"0":"post-95626","1":"product","2":"type-product","3":"status-publish","4":"has-post-thumbnail","6":"product_cat-akrilik-boyalar-senart-2","7":"product_cat-senart","8":"product_cat-premium-akrilik-boya-akrilik-boyalar-senart-2","10":"first","11":"instock","12":"purchasable","13":"product-type-simple"},"_links":{"self":[{"href":"https:\/\/demoproje.web.tr\/art\/wp-json\/wp\/v2\/product\/95626","targetHints":{"allow":["GET"]}}],"collection":[{"href":"https:\/\/demoproje.web.tr\/art\/wp-json\/wp\/v2\/product"}],"about":[{"href":"https:\/\/demoproje.web.tr\/art\/wp-json\/wp\/v2\/types\/product"}],"replies":[{"embeddable":true,"href":"https:\/\/demoproje.web.tr\/art\/wp-json\/wp\/v2\/comments?post=95626"}],"wp:featuredmedia":[{"embeddable":true,"href":"https:\/\/demoproje.web.tr\/art\/wp-json\/wp\/v2\/media\/133635"}],"wp:attachment":[{"href":"https:\/\/demoproje.web.tr\/art\/wp-json\/wp\/v2\/media?parent=95626"}],"wp:term":[{"taxonomy":"product_brand","embeddable":true,"href":"https:\/\/demoproje.web.tr\/art\/wp-json\/wp\/v2\/product_brand?post=95626"},{"taxonomy":"product_cat","embeddable":true,"href":"https:\/\/demoproje.web.tr\/art\/wp-json\/wp\/v2\/product_cat?post=95626"},{"taxonomy":"product_tag","embeddable":true,"href":"https:\/\/demoproje.web.tr\/art\/wp-json\/wp\/v2\/product_tag?post=95626"}],"curies":[{"name":"wp","href":"https:\/\/api.w.org\/{rel}","templated":true}]}}