{"id":2269,"date":"2022-09-11T15:43:16","date_gmt":"2022-09-11T15:43:16","guid":{"rendered":"https:\/\/patromedya.com\/solar\/?page_id=2269"},"modified":"2022-09-11T15:49:53","modified_gmt":"2022-09-11T15:49:53","slug":"sentinel-plus-gunes-cam-filmleri","status":"publish","type":"page","link":"https:\/\/demoproje.web.tr\/sg\/solar-gard-turkiye-konut-ofis-cam-filmleri\/solar-gard-turkiye-gunes-cam-filmleri\/sentinel-plus-gunes-cam-filmleri\/","title":{"rendered":"Sentinel Plus"},"content":{"rendered":"\t\t<div data-elementor-type=\"wp-page\" data-elementor-id=\"2269\" class=\"elementor elementor-2269\" data-elementor-settings=\"[]\">\n\t\t\t\t\t\t\t<div class=\"elementor-section-wrap\">\n\t\t\t\t\t\t\t<section class=\"elementor-section elementor-top-section elementor-element elementor-element-8c0f398 elementor-section-boxed elementor-section-height-default elementor-section-height-default\" data-id=\"8c0f398\" data-element_type=\"section\">\r\n\t\t\t\r\n\t\t\t\t\t\t\t\t\t<div class=\"elementor-container elementor-column-gap-default\">\r\n\t\t\t\t\t\t\t\t\t\t\t<div class=\"elementor-column elementor-col-33 elementor-top-column elementor-element elementor-element-d4ed354\" data-id=\"d4ed354\" data-element_type=\"column\">\r\n\r\n\t\t\t\t\t<div class=\"elementor-widget-wrap elementor-element-populated\">\r\n\t\t\t\t\t\t\t\t<div class=\"elementor-element elementor-element-3f912f5 elementor-widget elementor-widget-porto_sidebar_menu\" data-id=\"3f912f5\" data-element_type=\"widget\" data-widget_type=\"porto_sidebar_menu.default\">\n\t\t\t\t<div class=\"elementor-widget-container\">\n\t\t\t<div class=\"widget_sidebar_menu main-sidebar-menu\"><div class=\"widget-title\">Otomobil Cam Filmleri<\/div><div class=\"sidebar-menu-wrap\"><ul id=\"menu-konut-ofis-cam-filmleri\" class=\"sidebar-menu\"><li id=\"nav-menu-item-2356\" class=\"menu-item menu-item-type-post_type menu-item-object-page menu-item-has-children  has-sub narrow \"><a href=\"https:\/\/demoproje.web.tr\/sg\/solar-gard-turkiye-konut-ofis-cam-filmleri\/solar-gard-turkiye-panorama-cam-filmleri\/\">Panorama Cam Filmleri<\/a><span class=\"arrow\"><\/span>\n<div class=\"popup\"><div class=\"inner\" style=\"\"><ul class=\"sub-menu\">\n\t<li id=\"nav-menu-item-2357\" class=\"menu-item menu-item-type-post_type menu-item-object-page \" data-cols=\"1\"><a href=\"https:\/\/demoproje.web.tr\/sg\/solar-gard-turkiye-konut-ofis-cam-filmleri\/solar-gard-turkiye-panorama-cam-filmleri\/ecolux-low-e\/\">Ecolux Low-E<\/a><\/li>\n\t<li id=\"nav-menu-item-2358\" class=\"menu-item menu-item-type-post_type menu-item-object-page \" data-cols=\"1\"><a href=\"https:\/\/demoproje.web.tr\/sg\/solar-gard-turkiye-konut-ofis-cam-filmleri\/solar-gard-turkiye-panorama-cam-filmleri\/panorama-cx\/\">Panorama CX<\/a><\/li>\n\t<li id=\"nav-menu-item-2359\" class=\"menu-item menu-item-type-post_type menu-item-object-page \" data-cols=\"1\"><a href=\"https:\/\/demoproje.web.tr\/sg\/solar-gard-turkiye-konut-ofis-cam-filmleri\/solar-gard-turkiye-panorama-cam-filmleri\/panorama-hilite\/\">Panorama Hilite<\/a><\/li>\n\t<li id=\"nav-menu-item-2360\" class=\"menu-item menu-item-type-post_type menu-item-object-page \" data-cols=\"1\"><a href=\"https:\/\/demoproje.web.tr\/sg\/solar-gard-turkiye-konut-ofis-cam-filmleri\/solar-gard-turkiye-panorama-cam-filmleri\/panorama-slate\/\">Panorama Slate<\/a><\/li>\n<\/ul><\/div><\/div>\n<\/li>\n<li id=\"nav-menu-item-2346\" class=\"menu-item menu-item-type-post_type menu-item-object-page menu-item-has-children  has-sub narrow \"><a href=\"https:\/\/demoproje.web.tr\/sg\/solar-gard-turkiye-konut-ofis-cam-filmleri\/solar-gard-turkiye-gunes-cam-filmleri\/\">G\u00fcne\u015f Cam Filmleri<\/a><span class=\"arrow\"><\/span>\n<div class=\"popup\"><div class=\"inner\" style=\"\"><ul class=\"sub-menu\">\n\t<li id=\"nav-menu-item-2347\" class=\"menu-item menu-item-type-post_type menu-item-object-page \" data-cols=\"1\"><a href=\"https:\/\/demoproje.web.tr\/sg\/solar-gard-turkiye-konut-ofis-cam-filmleri\/solar-gard-turkiye-gunes-cam-filmleri\/solar-gard-turkiye-autumn-bronze\/\">Autumn Bronze<\/a><\/li>\n\t<li id=\"nav-menu-item-2348\" class=\"menu-item menu-item-type-post_type menu-item-object-page \" data-cols=\"1\"><a href=\"https:\/\/demoproje.web.tr\/sg\/solar-gard-turkiye-konut-ofis-cam-filmleri\/solar-gard-turkiye-gunes-cam-filmleri\/solar-gard-turkiye-quantum\/\">Quantum<\/a><\/li>\n\t<li id=\"nav-menu-item-2349\" class=\"menu-item menu-item-type-post_type menu-item-object-page \" data-cols=\"1\"><a href=\"https:\/\/demoproje.web.tr\/sg\/solar-gard-turkiye-konut-ofis-cam-filmleri\/solar-gard-turkiye-gunes-cam-filmleri\/silver-ag-low-e\/\">Silver AG Low-E<\/a><\/li>\n\t<li id=\"nav-menu-item-2350\" class=\"menu-item menu-item-type-post_type menu-item-object-page \" data-cols=\"1\"><a href=\"https:\/\/demoproje.web.tr\/sg\/solar-gard-turkiye-konut-ofis-cam-filmleri\/solar-gard-turkiye-gunes-cam-filmleri\/solar-bronze-gunes-cam-filmleri\/\">Solar Bronze<\/a><\/li>\n\t<li id=\"nav-menu-item-2351\" class=\"menu-item menu-item-type-post_type menu-item-object-page \" data-cols=\"1\"><a href=\"https:\/\/demoproje.web.tr\/sg\/solar-gard-turkiye-konut-ofis-cam-filmleri\/solar-gard-turkiye-gunes-cam-filmleri\/silver-gunes-cam-filmleri\/\">Silver<\/a><\/li>\n\t<li id=\"nav-menu-item-2352\" class=\"menu-item menu-item-type-post_type menu-item-object-page \" data-cols=\"1\"><a href=\"https:\/\/demoproje.web.tr\/sg\/solar-gard-turkiye-konut-ofis-cam-filmleri\/solar-gard-turkiye-gunes-cam-filmleri\/sentinel-plus-gunes-cam-filmleri\/\">Sentinel Plus<\/a><\/li>\n\t<li id=\"nav-menu-item-2353\" class=\"menu-item menu-item-type-post_type menu-item-object-page \" data-cols=\"1\"><a href=\"https:\/\/demoproje.web.tr\/sg\/solar-gard-turkiye-konut-ofis-cam-filmleri\/solar-gard-turkiye-gunes-cam-filmleri\/stainless-steel-gunes-cam-filmleri\/\">Stainless Steel<\/a><\/li>\n\t<li id=\"nav-menu-item-2354\" class=\"menu-item menu-item-type-post_type menu-item-object-page \" data-cols=\"1\"><a href=\"https:\/\/demoproje.web.tr\/sg\/solar-gard-turkiye-konut-ofis-cam-filmleri\/solar-gard-turkiye-gunes-cam-filmleri\/truevue-gunes-cam-filmleri\/\">TrueVue<\/a><\/li>\n\t<li id=\"nav-menu-item-2355\" class=\"menu-item menu-item-type-post_type menu-item-object-page \" data-cols=\"1\"><a href=\"https:\/\/demoproje.web.tr\/sg\/solar-gard-turkiye-konut-ofis-cam-filmleri\/solar-gard-turkiye-gunes-cam-filmleri\/ulr-low-reflectivity\/\">ULR Low Reflectivity<\/a><\/li>\n<\/ul><\/div><\/div>\n<\/li>\n<li id=\"nav-menu-item-2343\" class=\"menu-item menu-item-type-post_type menu-item-object-page menu-item-has-children  has-sub narrow \"><a href=\"https:\/\/demoproje.web.tr\/sg\/solar-gard-turkiye-konut-ofis-cam-filmleri\/guvenlik-cam-filmleri\/\">G\u00fcvenlik Cam Filmleri<\/a><span class=\"arrow\"><\/span>\n<div class=\"popup\"><div class=\"inner\" style=\"\"><ul class=\"sub-menu\">\n\t<li id=\"nav-menu-item-2344\" class=\"menu-item menu-item-type-post_type menu-item-object-page \" data-cols=\"1\"><a href=\"https:\/\/demoproje.web.tr\/sg\/solar-gard-turkiye-konut-ofis-cam-filmleri\/guvenlik-cam-filmleri\/armorcoat-clear\/\">Armorcoat Clear<\/a><\/li>\n\t<li id=\"nav-menu-item-2345\" class=\"menu-item menu-item-type-post_type menu-item-object-page \" data-cols=\"1\"><a href=\"https:\/\/demoproje.web.tr\/sg\/solar-gard-turkiye-konut-ofis-cam-filmleri\/guvenlik-cam-filmleri\/armorcoat-solar\/\">Armorcoat Solar<\/a><\/li>\n<\/ul><\/div><\/div>\n<\/li>\n<li id=\"nav-menu-item-2342\" class=\"menu-item menu-item-type-post_type menu-item-object-page  narrow \"><a href=\"https:\/\/demoproje.web.tr\/sg\/solar-gard-turkiye-konut-ofis-cam-filmleri\/solar-gard-turkiye-dekoratif-cam-filmleri\/\">Dekoratif Cam Filmleri<\/a><\/li>\n<\/ul><\/div><\/div>\t\t<\/div>\n\t\t\t\t<\/div>\n\t\t\t\t<div class=\"elementor-element elementor-element-8341ffc elementor-widget elementor-widget-image\" data-id=\"8341ffc\" data-element_type=\"widget\" data-widget_type=\"image.default\">\n\t\t\t\t<div class=\"elementor-widget-container\">\n\t\t\t<style>\/*! elementor - v3.5.3 - 28-12-2021 *\/\n.elementor-widget-image{text-align:center}.elementor-widget-image a{display:inline-block}.elementor-widget-image a img[src$=\".svg\"]{width:48px}.elementor-widget-image img{vertical-align:middle;display:inline-block}<\/style>\t\t\t\t\t\t\t\t\t\t\t\t<img loading=\"lazy\" decoding=\"async\" width=\"400\" height=\"400\" src=\"https:\/\/demoproje.web.tr\/sg\/wp-content\/uploads\/2022\/09\/solar-gard-gunes-cam-filmleri-sentinel-plus-3.jpg\" class=\"attachment-large size-large\" alt=\"\" srcset=\"https:\/\/demoproje.web.tr\/sg\/wp-content\/uploads\/2022\/09\/solar-gard-gunes-cam-filmleri-sentinel-plus-3.jpg 400w, https:\/\/demoproje.web.tr\/sg\/wp-content\/uploads\/2022\/09\/solar-gard-gunes-cam-filmleri-sentinel-plus-3-367x367.jpg 367w\" sizes=\"auto, (max-width: 400px) 100vw, 400px\" \/>\t\t\t\t\t\t\t\t\t\t\t\t\t\t\t<\/div>\n\t\t\t\t<\/div>\n\t\t\t\t\t<\/div>\r\n\t\t\t\t<\/div>\r\n\t\t\t\t<div class=\"elementor-column elementor-col-66 elementor-top-column elementor-element elementor-element-6edf026\" data-id=\"6edf026\" data-element_type=\"column\">\r\n\r\n\t\t\t\t\t<div class=\"elementor-widget-wrap elementor-element-populated\">\r\n\t\t\t\t\t\t\t\t<div class=\"elementor-element elementor-element-1da3c35 elementor-widget elementor-widget-heading\" data-id=\"1da3c35\" data-element_type=\"widget\" data-widget_type=\"heading.default\">\n\t\t\t\t<div class=\"elementor-widget-container\">\n\t\t\t<style>\/*! elementor - v3.5.3 - 28-12-2021 *\/\n.elementor-heading-title{padding:0;margin:0;line-height:1}.elementor-widget-heading .elementor-heading-title[class*=elementor-size-]>a{color:inherit;font-size:inherit;line-height:inherit}.elementor-widget-heading .elementor-heading-title.elementor-size-small{font-size:15px}.elementor-widget-heading .elementor-heading-title.elementor-size-medium{font-size:19px}.elementor-widget-heading .elementor-heading-title.elementor-size-large{font-size:29px}.elementor-widget-heading .elementor-heading-title.elementor-size-xl{font-size:39px}.elementor-widget-heading .elementor-heading-title.elementor-size-xxl{font-size:59px}<\/style><h2 class=\"elementor-heading-title elementor-size-default\">Stainless Steel G\u00fcne\u015f Cam Filmleri<\/h2>\t\t<\/div>\n\t\t\t\t<\/div>\n\t\t\t\t<div class=\"elementor-element elementor-element-0dbfc9b elementor-widget elementor-widget-text-editor\" data-id=\"0dbfc9b\" data-element_type=\"widget\" data-widget_type=\"text-editor.default\">\n\t\t\t\t<div class=\"elementor-widget-container\">\n\t\t\t<style>\/*! elementor - v3.5.3 - 28-12-2021 *\/\n.elementor-widget-text-editor.elementor-drop-cap-view-stacked .elementor-drop-cap{background-color:#818a91;color:#fff}.elementor-widget-text-editor.elementor-drop-cap-view-framed .elementor-drop-cap{color:#818a91;border:3px solid;background-color:transparent}.elementor-widget-text-editor:not(.elementor-drop-cap-view-default) .elementor-drop-cap{margin-top:8px}.elementor-widget-text-editor:not(.elementor-drop-cap-view-default) .elementor-drop-cap-letter{width:1em;height:1em}.elementor-widget-text-editor .elementor-drop-cap{float:left;text-align:center;line-height:1;font-size:50px}.elementor-widget-text-editor .elementor-drop-cap-letter{display:inline-block}<\/style>\t\t\t\t<p><span style=\"color: #000000;\">Sentinel Plus G\u00fcne\u015f Cam Filmleri serisi Solar Gard\u2019\u0131n d\u0131\u015f cepheden uygulanabilir cam filmi serileridir. Sentinel Plus serisi \u00fcr\u00fcnler cam\u0131n d\u0131\u015f y\u00fczeyinde parlama ve y\u00fcksek g\u00fcne\u015f \u0131s\u0131s\u0131n\u0131 geri yans\u0131tmada kullanabilece\u011finiz ilk savunma hatt\u0131n\u0131zd\u0131r. Sentinel Plus gurubunun alt serileri Stainless Steel, Silver, SX ve \u015eeffaf serileridir.<\/span><\/p><p><span style=\"color: #000000;\"><strong>\u00d6zellikleri ve Faydalar\u0131:<\/strong><\/span><\/p><ul><li><span style=\"color: #000000;\">Cam panellere d\u0131\u015f y\u00fczeyden film yap\u0131lmas\u0131 ile toplam geri yans\u0131t\u0131lan \u0131s\u0131 enerjisinde %82\u2019ye varan oranda performans sa\u011flan\u0131r,<\/span><\/li><li><span style=\"color: #000000;\">G\u00fcne\u015f \u0131s\u0131s\u0131n\u0131n maksimum seviyede geri yans\u0131t\u0131lmas\u0131 ile so\u011futma i\u00e7in harcanan enerjide en y\u00fcksek seviyede tasarruf edilmesi sa\u011flan\u0131r,<\/span><\/li><li><span style=\"color: #000000;\">Eski g\u00f6r\u00fcn\u00fcml\u00fc binalarda yeni bir cam cephe uygulamas\u0131 yap\u0131lm\u0131\u015f g\u00f6r\u00fcn\u00fcm\u00fc verir,<\/span><\/li><li><span style=\"color: #000000;\">UV koruyucular sayesinden i\u00e7erde ya\u015fayanlar ve de\u011ferli e\u015fyalar\u0131n\u0131z g\u00fcne\u015fin zararl\u0131 UV \u0131\u015f\u0131nlar\u0131na kar\u015f\u0131 korunmu\u015f olacakt\u0131r.<\/span><\/li><\/ul>\t\t\t\t\t\t<\/div>\n\t\t\t\t<\/div>\n\t\t\t\t\t<\/div>\r\n\t\t\t\t<\/div>\r\n\t\t\t\t\t\t<\/div>\r\n\t\t\t\t<\/section>\r\n\t\t\t\t<section class=\"elementor-section elementor-top-section elementor-element elementor-element-1221ca8 elementor-section-boxed elementor-section-height-default elementor-section-height-default\" data-id=\"1221ca8\" data-element_type=\"section\">\r\n\t\t\t\r\n\t\t\t\t\t\t\t\t\t<div class=\"elementor-container elementor-column-gap-default\">\r\n\t\t\t\t\t\t\t\t\t\t\t<div class=\"elementor-column elementor-col-100 elementor-top-column elementor-element elementor-element-4e31263\" data-id=\"4e31263\" data-element_type=\"column\">\r\n\r\n\t\t\t\t\t<div class=\"elementor-widget-wrap elementor-element-populated\">\r\n\t\t\t\t\t\t\t\t<div class=\"elementor-element elementor-element-3549bea elementor-widget elementor-widget-heading\" data-id=\"3549bea\" data-element_type=\"widget\" data-widget_type=\"heading.default\">\n\t\t\t\t<div class=\"elementor-widget-container\">\n\t\t\t<h2 class=\"elementor-heading-title elementor-size-default\">Performans \u00d6zellikleri<\/h2>\t\t<\/div>\n\t\t\t\t<\/div>\n\t\t\t\t<div class=\"elementor-element elementor-element-ef5510d elementor-widget elementor-widget-text-editor\" data-id=\"ef5510d\" data-element_type=\"widget\" data-widget_type=\"text-editor.default\">\n\t\t\t\t<div class=\"elementor-widget-container\">\n\t\t\t\t\t\t\t<div class=\"wpb_raw_code wpb_content_element wpb_raw_html\"><div class=\"wpb_wrapper\"><div class=\"table-responsive\"><div class=\"wpb_raw_code wpb_content_element wpb_raw_html\"><div class=\"wpb_wrapper\"><div class=\"table-responsive\"><div class=\"wpb_raw_code wpb_content_element wpb_raw_html\"><div class=\"wpb_wrapper\"><div class=\"table-responsive\"><div class=\"wpb_raw_code wpb_content_element wpb_raw_html\"><div class=\"wpb_wrapper\"><div class=\"table-responsive\"><div class=\"wpb_raw_code wpb_content_element wpb_raw_html\"><div class=\"wpb_wrapper\"><div class=\"table-responsive\"><div class=\"wpb_raw_code wpb_content_element wpb_raw_html\"><div class=\"wpb_wrapper\"><div class=\"table-responsive\"><div class=\"wpb_raw_code wpb_content_element wpb_raw_html\"><div class=\"wpb_wrapper\"><div class=\"table-responsive\"><div class=\"wpb_raw_code wpb_content_element wpb_raw_html\"><div class=\"wpb_wrapper\"><div class=\"table-responsive\"><div class=\"wpb_raw_code wpb_content_element wpb_raw_html\"><div class=\"wpb_wrapper\"><div class=\"table-responsive\"><div class=\"wpb_raw_code wpb_content_element wpb_raw_html\"><div class=\"wpb_wrapper\"><div class=\"table-responsive\"><div class=\"wpb_raw_code wpb_content_element wpb_raw_html\"><div class=\"wpb_wrapper\"><div class=\"table-responsive\"><div class=\"vc_row wpb_row vc_row-fluid sep-top-sm sep-bottom-md\"><div class=\"wpb_column vc_column_container vc_col-sm-12\"><div class=\"vc_column-inner \"><div class=\"wpb_wrapper\"><div class=\"wpb_raw_code wpb_content_element wpb_raw_html\"><div class=\"wpb_wrapper\"><div class=\"table-responsive\"><table class=\"performance-table table table-striped\"><thead><tr><th class=\"pivot\" rowspan=\"2\">\u00dcr\u00fcn Ad\u0131<\/th><th colspan=\"3\"><span class=\"popover-dashed\" tabindex=\"0\" title=\"\" data-trigger=\"focus\" data-viewport=\".performance-table\" data-toggle=\"popover\" data-placement=\"bottom\" data-content=\"The amount of visible light that passes through the glazing system, expressed as a percent. Films with higher VLT ratings offer more daylight in a space.\" data-original-title=\"\">G\u00f6r\u00fcl\u00fcr I\u015f\u0131k<br \/>Ge\u00e7irgenli\u011fi<\/span><\/th><th colspan=\"3\"><span class=\"popover-dashed\" tabindex=\"1\" title=\"\" data-trigger=\"focus\" data-viewport=\".performance-table\" data-toggle=\"popover\" data-placement=\"bottom\" data-content=\"The amount of visible light that is reflected by the glazing system, expressed as a percent. A higher VLR rating offers better glare control. Films with higher ratings tend to be more reflective and\/or darker.\" data-original-title=\"\">G\u00f6r\u00fcl\u00fcr I\u015f\u0131k<br \/>Yans\u0131mas\u0131 (D\u0131\u015f)<\/span><\/th><th colspan=\"3\"><span class=\"popover-dashed\" tabindex=\"3\" title=\"\" data-trigger=\"focus\" data-viewport=\".performance-table\" data-toggle=\"popover\" data-placement=\"bottom\" data-content=\"Invisible, powerful wavelengths (shorter than light but longer than X rays) emitted by the sun separated into three types, UV-A, UV-B and UV-C. UV-B causes sunburn, and prolonged exposure can cause skin cancer.\" data-original-title=\"\">UV I\u015f\u0131nlar\u0131<br \/>Blokesi<\/span><\/th><th colspan=\"3\"><span class=\"popover-dashed\" tabindex=\"4\" title=\"\" data-trigger=\"focus\" data-viewport=\".performance-table\" data-toggle=\"popover\" data-placement=\"bottom\" data-content=\"Energy from the sun that is represented by visible light (glare), infrared radiation (heat) and ultraviolet radiation (fading and health hazards).\" data-original-title=\"\">Toplam Geri Yans\u0131t\u0131lan<br \/>Is\u0131 Enerjisi<\/span><\/th><\/tr><\/thead><tbody><tr><td class=\"film-name\">Sentinel Plus 4 Mil Clear OSW<\/td><td colspan=\"3\">89%<\/td><td colspan=\"3\">10%<\/td><td colspan=\"3\">&gt;99%<\/td><td colspan=\"3\">18%<\/td><\/tr><tr><td class=\"film-name\">Sentinel Plus Stainless Steel 45 OSW<\/td><td colspan=\"3\">46%<\/td><td colspan=\"3\">15%<\/td><td colspan=\"3\">&gt;99%<\/td><td colspan=\"3\">44%<\/td><\/tr><tr><td class=\"film-name\">Sentinel Plus Stainless Steel 40 OSW<\/td><td colspan=\"3\">39%<\/td><td colspan=\"3\">18%<\/td><td colspan=\"3\">&gt;99%<\/td><td colspan=\"3\">50%<\/td><\/tr><tr><td class=\"film-name\">Sentinel Plus Stainless Steel 25 OSW<\/td><td colspan=\"3\">24%<\/td><td colspan=\"3\">28%<\/td><td colspan=\"3\">&gt;99%<\/td><td colspan=\"3\">63%<\/td><\/tr><tr><td class=\"film-name\">Sentinel Plus Stainless Steel 15 OSW<\/td><td colspan=\"3\">13%<\/td><td colspan=\"3\">40%<\/td><td colspan=\"3\">&gt;99%<\/td><td colspan=\"3\">73%<\/td><\/tr><tr><td class=\"film-name\">Sentinel Plus Silver 35 OSW<\/td><td colspan=\"3\">34%<\/td><td colspan=\"3\">41%<\/td><td colspan=\"3\">&gt;99%<\/td><td colspan=\"3\">67%<\/td><\/tr><tr><td class=\"film-name\">Sentinel Plus Silver 20 OSW<\/td><td colspan=\"3\">16%<\/td><td colspan=\"3\">61%<\/td><td colspan=\"3\">&gt;99%<\/td><td colspan=\"3\">82%<\/td><\/tr><tr><td class=\"film-name\">Sentinel Plus SX 80 OSW<\/td><td colspan=\"3\">78%<\/td><td colspan=\"3\">8%<\/td><td colspan=\"3\">&gt;99%<\/td><td colspan=\"3\">42%<\/td><\/tr><tr><td class=\"film-name\">Sentinel Plus SX 50 OSW<\/td><td colspan=\"3\">48%<\/td><td colspan=\"3\">27%<\/td><td colspan=\"3\">&gt;99%<\/td><td colspan=\"3\">55%<\/td><\/tr><\/tbody><\/table><\/div><\/div><\/div><div class=\"wpb_text_column wpb_content_element \"><div class=\"wpb_wrapper\"><p>Performans 1\/8 in\u00e7 (3mm) kal\u0131nl\u0131\u011f\u0131nda berrak cam kullan\u0131larak \u00f6l\u00e7\u00fclm\u00fc\u015ft\u00fcr.<\/p><\/div><\/div><\/div><\/div><\/div><\/div><div class=\"vc_row wpb_row vc_row-fluid vc_custom_1511191793390 vc_row-has-fill sep-top-xs sep-bottom-xs\" data-vc-full-width=\"true\" data-vc-full-width-init=\"true\" data-vc-stretch-content=\"true\"><div class=\"wpb_column vc_column_container vc_col-sm-8\"><div class=\"vc_column-inner \"><div class=\"wpb_wrapper\"><div class=\"section-title text-center\">\u00a0<\/div><\/div><\/div><\/div><\/div><\/div><\/div><\/div><\/div><\/div><\/div><\/div><\/div><\/div><\/div><\/div><\/div><\/div><\/div><\/div><\/div><\/div><\/div><\/div><\/div><\/div><\/div><\/div><\/div><\/div><\/div><\/div><\/div><\/div><\/div><\/div><\/div><\/div>\t\t\t\t\t\t<\/div>\n\t\t\t\t<\/div>\n\t\t\t\t\t<\/div>\r\n\t\t\t\t<\/div>\r\n\t\t\t\t\t\t<\/div>\r\n\t\t\t\t<\/section>\r\n\t\t\t\t\t\t<\/div>\n\t\t\t\t\t<\/div>\n\t\t","protected":false},"excerpt":{"rendered":"<p>Otomobil Cam Filmleri Panorama Cam Filmleri Stainless Steel G\u00fcne\u015f Cam Filmleri Sentinel Plus G\u00fcne\u015f Cam Filmleri serisi Solar Gard\u2019\u0131n d\u0131\u015f cepheden uygulanabilir cam filmi serileridir. Sentinel Plus serisi \u00fcr\u00fcnler cam\u0131n d\u0131\u015f y\u00fczeyinde parlama ve y\u00fcksek g\u00fcne\u015f \u0131s\u0131s\u0131n\u0131 geri yans\u0131tmada kullanabilece\u011finiz ilk savunma hatt\u0131n\u0131zd\u0131r. Sentinel Plus gurubunun alt serileri Stainless Steel, Silver, SX ve \u015eeffaf serileridir. [&hellip;]<\/p>\n","protected":false},"author":1,"featured_media":0,"parent":2243,"menu_order":0,"comment_status":"closed","ping_status":"closed","template":"","meta":{"_acf_changed":false,"footnotes":""},"class_list":["post-2269","page","type-page","status-publish","hentry"],"acf":[],"_links":{"self":[{"href":"https:\/\/demoproje.web.tr\/sg\/wp-json\/wp\/v2\/pages\/2269","targetHints":{"allow":["GET"]}}],"collection":[{"href":"https:\/\/demoproje.web.tr\/sg\/wp-json\/wp\/v2\/pages"}],"about":[{"href":"https:\/\/demoproje.web.tr\/sg\/wp-json\/wp\/v2\/types\/page"}],"author":[{"embeddable":true,"href":"https:\/\/demoproje.web.tr\/sg\/wp-json\/wp\/v2\/users\/1"}],"replies":[{"embeddable":true,"href":"https:\/\/demoproje.web.tr\/sg\/wp-json\/wp\/v2\/comments?post=2269"}],"version-history":[{"count":5,"href":"https:\/\/demoproje.web.tr\/sg\/wp-json\/wp\/v2\/pages\/2269\/revisions"}],"predecessor-version":[{"id":2301,"href":"https:\/\/demoproje.web.tr\/sg\/wp-json\/wp\/v2\/pages\/2269\/revisions\/2301"}],"up":[{"embeddable":true,"href":"https:\/\/demoproje.web.tr\/sg\/wp-json\/wp\/v2\/pages\/2243"}],"wp:attachment":[{"href":"https:\/\/demoproje.web.tr\/sg\/wp-json\/wp\/v2\/media?parent=2269"}],"curies":[{"name":"wp","href":"https:\/\/api.w.org\/{rel}","templated":true}]}}