{"id":2897,"date":"2026-04-02T09:57:47","date_gmt":"2026-04-02T09:57:47","guid":{"rendered":"https:\/\/demoproje.web.tr\/sg\/?page_id=2897"},"modified":"2026-04-02T14:03:51","modified_gmt":"2026-04-02T14:03:51","slug":"ppf-clearshield-pro-matte","status":"publish","type":"page","link":"https:\/\/demoproje.web.tr\/sg\/ppf-clearshield-pro-matte\/","title":{"rendered":"PPF Clearshield Pro\u00ae MATTE"},"content":{"rendered":"\t\t<div data-elementor-type=\"wp-page\" data-elementor-id=\"2897\" class=\"elementor elementor-2897\" data-elementor-settings=\"[]\">\n\t\t\t\t\t\t\t<div class=\"elementor-section-wrap\">\n\t\t\t\t\t\t\t<section class=\"elementor-section elementor-top-section elementor-element elementor-element-8c0f398 elementor-section-boxed elementor-section-height-default elementor-section-height-default\" data-id=\"8c0f398\" data-element_type=\"section\">\r\n\t\t\t\r\n\t\t\t\t\t\t\t\t\t<div class=\"elementor-container elementor-column-gap-default\">\r\n\t\t\t\t\t\t\t\t\t\t\t<div class=\"elementor-column elementor-col-33 elementor-top-column elementor-element elementor-element-d4ed354\" data-id=\"d4ed354\" data-element_type=\"column\">\r\n\r\n\t\t\t\t\t<div class=\"elementor-widget-wrap elementor-element-populated\">\r\n\t\t\t\t\t\t\t\t<div class=\"elementor-element elementor-element-3f912f5 elementor-widget elementor-widget-porto_sidebar_menu\" data-id=\"3f912f5\" data-element_type=\"widget\" data-widget_type=\"porto_sidebar_menu.default\">\n\t\t\t\t<div class=\"elementor-widget-container\">\n\t\t\t<div class=\"widget_sidebar_menu main-sidebar-menu\"><div class=\"widget-title\">Ara\u00e7 Cam Filmleri<\/div><div class=\"sidebar-menu-wrap\"><ul id=\"menu-arac-cam-filmleri\" class=\"sidebar-menu\"><li id=\"nav-menu-item-2064\" class=\"menu-item menu-item-type-post_type menu-item-object-page menu-item-has-children  has-sub narrow \"><a href=\"https:\/\/demoproje.web.tr\/sg\/solar-gard-turkiye-otomobil-cam-filmleri\/nano-seramik-serisi\/\">Nano-Ceramic Serisi<\/a><span class=\"arrow\"><\/span>\n<div class=\"popup\"><div class=\"inner\" style=\"\"><ul class=\"sub-menu\">\n\t<li id=\"nav-menu-item-2846\" class=\"menu-item menu-item-type-post_type menu-item-object-page \" data-cols=\"1\"><a href=\"https:\/\/demoproje.web.tr\/sg\/solar-gard-turkiye-otomobil-cam-filmleri\/nano-seramik-serisi\/cx-magnum-black\/\">CX Magnum Black<\/a><\/li>\n\t<li id=\"nav-menu-item-2853\" class=\"menu-item menu-item-type-post_type menu-item-object-page \" data-cols=\"1\"><a href=\"https:\/\/demoproje.web.tr\/sg\/solar-gard-turkiye-otomobil-cam-filmleri\/nano-seramik-serisi\/cx-magnum-ir\/\">CX Magnum IR<\/a><\/li>\n\t<li id=\"nav-menu-item-2001\" class=\"menu-item menu-item-type-post_type menu-item-object-page \" data-cols=\"1\"><a href=\"https:\/\/demoproje.web.tr\/sg\/solar-gard-turkiye-otomobil-cam-filmleri\/nano-seramik-serisi\/ultra-performance\/\">Ultra Performance<\/a><\/li>\n\t<li id=\"nav-menu-item-2062\" class=\"menu-item menu-item-type-post_type menu-item-object-page \" data-cols=\"1\"><a href=\"https:\/\/demoproje.web.tr\/sg\/solar-gard-turkiye-otomobil-cam-filmleri\/nano-seramik-serisi\/ultra-performance-plus\/\">Ultra Performance Plus<\/a><\/li>\n\t<li id=\"nav-menu-item-2063\" class=\"menu-item menu-item-type-post_type menu-item-object-page \" data-cols=\"1\"><a href=\"https:\/\/demoproje.web.tr\/sg\/solar-gard-turkiye-otomobil-cam-filmleri\/nano-seramik-serisi\/vortexir-ceramic\/\">Vortex IR Ceramic<\/a><\/li>\n<\/ul><\/div><\/div>\n<\/li>\n<li id=\"nav-menu-item-2098\" class=\"menu-item menu-item-type-post_type menu-item-object-page menu-item-has-children  has-sub narrow \"><a href=\"https:\/\/demoproje.web.tr\/sg\/solar-gard-turkiye-otomobil-cam-filmleri\/high-performance-serisi\/\">High Performance Serisi<\/a><span class=\"arrow\"><\/span>\n<div class=\"popup\"><div class=\"inner\" style=\"\"><ul class=\"sub-menu\">\n\t<li id=\"nav-menu-item-2097\" class=\"menu-item menu-item-type-post_type menu-item-object-page \" data-cols=\"1\"><a href=\"https:\/\/demoproje.web.tr\/sg\/solar-gard-turkiye-otomobil-cam-filmleri\/high-performance-serisi\/hp-quantum\/\">HP Quantum<\/a><\/li>\n\t<li id=\"nav-menu-item-2096\" class=\"menu-item menu-item-type-post_type menu-item-object-page \" data-cols=\"1\"><a href=\"https:\/\/demoproje.web.tr\/sg\/solar-gard-turkiye-otomobil-cam-filmleri\/high-performance-serisi\/hp-supreme\/\">HP Supreme<\/a><\/li>\n\t<li id=\"nav-menu-item-2095\" class=\"menu-item menu-item-type-post_type menu-item-object-page \" data-cols=\"1\"><a href=\"https:\/\/demoproje.web.tr\/sg\/solar-gard-turkiye-otomobil-cam-filmleri\/high-performance-serisi\/hp-charcoal\/\">HP Charcoal<\/a><\/li>\n\t<li id=\"nav-menu-item-2094\" class=\"menu-item menu-item-type-post_type menu-item-object-page \" data-cols=\"1\"><a href=\"https:\/\/demoproje.web.tr\/sg\/solar-gard-turkiye-otomobil-cam-filmleri\/high-performance-serisi\/hp-smoke-plus\/\">HP Smoke Plus<\/a><\/li>\n<\/ul><\/div><\/div>\n<\/li>\n<li id=\"nav-menu-item-2104\" class=\"menu-item menu-item-type-post_type menu-item-object-page  narrow \"><a href=\"https:\/\/demoproje.web.tr\/sg\/solar-gard-turkiye-otomobil-cam-filmleri\/lx-serisi\/\">LX Serisi<\/a><\/li>\n<li id=\"nav-menu-item-2145\" class=\"menu-item menu-item-type-post_type menu-item-object-page menu-item-has-children  has-sub narrow \"><a href=\"https:\/\/demoproje.web.tr\/sg\/solar-gard-turkiye-otomobil-cam-filmleri\/non-reflective-serisi\/\">Non Reflective Serisi<\/a><span class=\"arrow\"><\/span>\n<div class=\"popup\"><div class=\"inner\" style=\"\"><ul class=\"sub-menu\">\n\t<li id=\"nav-menu-item-2144\" class=\"menu-item menu-item-type-post_type menu-item-object-page \" data-cols=\"1\"><a href=\"https:\/\/demoproje.web.tr\/sg\/solar-gard-turkiye-otomobil-cam-filmleri\/non-reflective-serisi\/nr-galaxie\/\">NR Galaxie<\/a><\/li>\n\t<li id=\"nav-menu-item-2143\" class=\"menu-item menu-item-type-post_type menu-item-object-page \" data-cols=\"1\"><a href=\"https:\/\/demoproje.web.tr\/sg\/solar-gard-turkiye-otomobil-cam-filmleri\/non-reflective-serisi\/nr-supreme\/\">NR Supreme<\/a><\/li>\n\t<li id=\"nav-menu-item-2142\" class=\"menu-item menu-item-type-post_type menu-item-object-page \" data-cols=\"1\"><a href=\"https:\/\/demoproje.web.tr\/sg\/solar-gard-turkiye-otomobil-cam-filmleri\/non-reflective-serisi\/nr-charcoal\/\">NR Charcoal<\/a><\/li>\n\t<li id=\"nav-menu-item-2141\" class=\"menu-item menu-item-type-post_type menu-item-object-page \" data-cols=\"1\"><a href=\"https:\/\/demoproje.web.tr\/sg\/solar-gard-turkiye-otomobil-cam-filmleri\/non-reflective-serisi\/nr-smoke-plus\/\">NR Smoke Plus<\/a><\/li>\n<\/ul><\/div><\/div>\n<\/li>\n<li id=\"nav-menu-item-2140\" class=\"menu-item menu-item-type-post_type menu-item-object-page  narrow \"><a href=\"https:\/\/demoproje.web.tr\/sg\/windshield-serisi\/\">S\u00fcr\u00fc\u015f Cam\u0131 Serisi<\/a><\/li>\n<li id=\"nav-menu-item-2928\" class=\"menu-item menu-item-type-post_type menu-item-object-page  narrow \"><a href=\"https:\/\/demoproje.web.tr\/sg\/solar-gard-turkiye-otomobil-cam-filmleri\/marin-serisi\/\">Marin Serisi<\/a><\/li>\n<\/ul><\/div><\/div>\t\t<\/div>\n\t\t\t\t<\/div>\n\t\t\t\t<div class=\"elementor-element elementor-element-240556f elementor-widget elementor-widget-porto_sidebar_menu\" data-id=\"240556f\" data-element_type=\"widget\" data-widget_type=\"porto_sidebar_menu.default\">\n\t\t\t\t<div class=\"elementor-widget-container\">\n\t\t\t<div class=\"widget_sidebar_menu main-sidebar-menu\"><div class=\"widget-title\">Boya Koruma Filmleri<\/div><div class=\"sidebar-menu-wrap\"><ul id=\"menu-boya-koruma-filmleri\" class=\"sidebar-menu\"><li id=\"nav-menu-item-2916\" class=\"menu-item menu-item-type-post_type menu-item-object-page  narrow \"><a href=\"https:\/\/demoproje.web.tr\/sg\/ppf-clearshield-pro-activ\/\">PPF Clearshield Pro\u00ae ACTIV\u2122<\/a><\/li>\n<li id=\"nav-menu-item-2917\" class=\"menu-item menu-item-type-post_type menu-item-object-page  narrow \"><a href=\"https:\/\/demoproje.web.tr\/sg\/solar-gard-turkiye-arac-ppf-kaplama-clearshield-pro-hydro\/\">PPF Clearshield Pro\u00ae HYDRO<\/a><\/li>\n<li id=\"nav-menu-item-2918\" class=\"menu-item menu-item-type-post_type menu-item-object-page  narrow \"><a href=\"https:\/\/demoproje.web.tr\/sg\/ppf-clearshield-pro-matte\/\">PPF Clearshield Pro\u00ae MATTE<\/a><\/li>\n<\/ul><\/div><\/div>\t\t<\/div>\n\t\t\t\t<\/div>\n\t\t\t\t<div class=\"elementor-element elementor-element-8341ffc elementor-widget elementor-widget-image\" data-id=\"8341ffc\" data-element_type=\"widget\" data-widget_type=\"image.default\">\n\t\t\t\t<div class=\"elementor-widget-container\">\n\t\t\t<style>\/*! elementor - v3.5.3 - 28-12-2021 *\/\n.elementor-widget-image{text-align:center}.elementor-widget-image a{display:inline-block}.elementor-widget-image a img[src$=\".svg\"]{width:48px}.elementor-widget-image img{vertical-align:middle;display:inline-block}<\/style>\t\t\t\t\t\t\t\t\t\t\t\t<img loading=\"lazy\" decoding=\"async\" width=\"900\" height=\"500\" src=\"https:\/\/demoproje.web.tr\/sg\/wp-content\/uploads\/2022\/09\/a3.jpg\" class=\"attachment-large size-large\" alt=\"\" srcset=\"https:\/\/demoproje.web.tr\/sg\/wp-content\/uploads\/2022\/09\/a3.jpg 900w, https:\/\/demoproje.web.tr\/sg\/wp-content\/uploads\/2022\/09\/a3-768x427.jpg 768w, https:\/\/demoproje.web.tr\/sg\/wp-content\/uploads\/2022\/09\/a3-640x356.jpg 640w, https:\/\/demoproje.web.tr\/sg\/wp-content\/uploads\/2022\/09\/a3-400x222.jpg 400w\" sizes=\"auto, (max-width: 900px) 100vw, 900px\" \/>\t\t\t\t\t\t\t\t\t\t\t\t\t\t\t<\/div>\n\t\t\t\t<\/div>\n\t\t\t\t\t<\/div>\r\n\t\t\t\t<\/div>\r\n\t\t\t\t<div class=\"elementor-column elementor-col-66 elementor-top-column elementor-element elementor-element-6edf026\" data-id=\"6edf026\" data-element_type=\"column\">\r\n\r\n\t\t\t\t\t<div class=\"elementor-widget-wrap elementor-element-populated\">\r\n\t\t\t\t\t\t\t\t<div class=\"elementor-element elementor-element-1da3c35 elementor-widget elementor-widget-heading\" data-id=\"1da3c35\" data-element_type=\"widget\" data-widget_type=\"heading.default\">\n\t\t\t\t<div class=\"elementor-widget-container\">\n\t\t\t<style>\/*! elementor - v3.5.3 - 28-12-2021 *\/\n.elementor-heading-title{padding:0;margin:0;line-height:1}.elementor-widget-heading .elementor-heading-title[class*=elementor-size-]>a{color:inherit;font-size:inherit;line-height:inherit}.elementor-widget-heading .elementor-heading-title.elementor-size-small{font-size:15px}.elementor-widget-heading .elementor-heading-title.elementor-size-medium{font-size:19px}.elementor-widget-heading .elementor-heading-title.elementor-size-large{font-size:29px}.elementor-widget-heading .elementor-heading-title.elementor-size-xl{font-size:39px}.elementor-widget-heading .elementor-heading-title.elementor-size-xxl{font-size:59px}<\/style><h1 class=\"elementor-heading-title elementor-size-default\">PPF Kaplama Clearshield Pro\u00ae MATTE<\/h1>\t\t<\/div>\n\t\t\t\t<\/div>\n\t\t\t\t<div class=\"elementor-element elementor-element-0dbfc9b elementor-widget elementor-widget-text-editor\" data-id=\"0dbfc9b\" data-element_type=\"widget\" data-widget_type=\"text-editor.default\">\n\t\t\t\t<div class=\"elementor-widget-container\">\n\t\t\t<style>\/*! elementor - v3.5.3 - 28-12-2021 *\/\n.elementor-widget-text-editor.elementor-drop-cap-view-stacked .elementor-drop-cap{background-color:#818a91;color:#fff}.elementor-widget-text-editor.elementor-drop-cap-view-framed .elementor-drop-cap{color:#818a91;border:3px solid;background-color:transparent}.elementor-widget-text-editor:not(.elementor-drop-cap-view-default) .elementor-drop-cap{margin-top:8px}.elementor-widget-text-editor:not(.elementor-drop-cap-view-default) .elementor-drop-cap-letter{width:1em;height:1em}.elementor-widget-text-editor .elementor-drop-cap{float:left;text-align:center;line-height:1;font-size:50px}.elementor-widget-text-editor .elementor-drop-cap-letter{display:inline-block}<\/style>\t\t\t\t<p>Hem montajc\u0131lar hem de s\u00fcr\u00fcc\u00fcler taraf\u0131ndan g\u00fcvenilen Solar Gard&#8217;\u0131n\u00a0Clearshield\u00ae Pro Boya Koruma Filmi,\u00a0dayan\u0131kl\u0131l\u0131k ve performans konusunda sa\u011flam bir \u00fcne sahiptir.<br \/>Clearshield Pro Mat&#8217;\u0131n piyasaya s\u00fcr\u00fclmesiyle birlikte, ayn\u0131 avantajlardan siz de yararlanabilir ve spor otomobil ve l\u00fcks ara\u00e7 sahiplerinin tercih etti\u011fi trend g\u00f6r\u00fcn\u00fcme sahip olabilirsiniz.<\/p><h3>NASIL \u00c7ALI\u015eIR<\/h3><p>Clearshield Pro Matte, arac\u0131n\u0131z\u0131n boyas\u0131 i\u00e7in adeta z\u0131rh g\u00f6revi g\u00f6ren, ayn\u0131 zamanda dikkat \u00e7ekici bir g\u00f6r\u00fcn\u00fcm kazand\u0131ran g\u00fc\u00e7l\u00fc bir bariyerdir. Yol kal\u0131nt\u0131lar\u0131, b\u00f6cekler ve daha fazlas\u0131n\u0131n neden oldu\u011fu \u00e7iziklere, lekelere ve hasarlara kar\u015f\u0131 boyan\u0131z\u0131 korumaya yard\u0131mc\u0131 olan g\u00f6r\u00fcnmez bir katmand\u0131r.<\/p><h3>PROFESYONEL KAL\u0130TE \u2013 PROFESYONELCE MONTAJ<\/h3><p>Clearshield Pro Matte bayileri, piyasadaki en y\u00fcksek kalitede boya koruma filmini kullanan deneyimli profesyonellerdir. Kurulum uzmanl\u0131klar\u0131, ComputerCut\u00ae sisteminin hassasiyetiyle birle\u015ferek, tam memnuniyetiniz i\u00e7in kusursuz bir uyum sa\u011flar.<\/p><h3>CLEARSHIELD PRO MATTE AVANTAJLARI<\/h3><p>\u015e\u0131k bir g\u00f6r\u00fcn\u00fcm i\u00e7in saten kaplama.<br \/>Neredeyse g\u00f6r\u00fcnmez<br \/>Sararma, \u00e7atlama veya soyulmaya kar\u015f\u0131 garantilidir.<br \/>Bak\u0131m\u0131 kolay<br \/>Gerekti\u011finde \u00e7\u0131kar\u0131labilir.<br \/>GARANT\u0130<br \/>10 Y\u0131l Garanti<br \/>Yedek \u00fcr\u00fcn ve i\u015f\u00e7ilik<br \/>Ulusal bayi a\u011f\u0131<br \/>Garanti detaylar\u0131 i\u00e7in l\u00fctfen ilgili belgeye bak\u0131n.<\/p>\t\t\t\t\t\t<\/div>\n\t\t\t\t<\/div>\n\t\t\t\t\t<\/div>\r\n\t\t\t\t<\/div>\r\n\t\t\t\t\t\t<\/div>\r\n\t\t\t\t<\/section>\r\n\t\t\t\t<section class=\"elementor-section elementor-top-section elementor-element elementor-element-0686425 elementor-section-boxed elementor-section-height-default elementor-section-height-default\" data-id=\"0686425\" data-element_type=\"section\">\r\n\t\t\t\r\n\t\t\t\t\t\t\t\t\t<div class=\"elementor-container elementor-column-gap-default\">\r\n\t\t\t\t\t\t\t\t\t\t\t<div class=\"elementor-column elementor-col-100 elementor-top-column elementor-element elementor-element-f2170f5\" data-id=\"f2170f5\" data-element_type=\"column\">\r\n\r\n\t\t\t\t\t<div class=\"elementor-widget-wrap elementor-element-populated\">\r\n\t\t\t\t\t\t\t\t<div class=\"elementor-element elementor-element-0f03e94 elementor-aspect-ratio-169 elementor-widget elementor-widget-video\" data-id=\"0f03e94\" data-element_type=\"widget\" data-settings=\"{&quot;video_type&quot;:&quot;vimeo&quot;,&quot;aspect_ratio&quot;:&quot;169&quot;}\" data-widget_type=\"video.default\">\n\t\t\t\t<div class=\"elementor-widget-container\">\n\t\t\t<style>\/*! elementor - v3.5.3 - 28-12-2021 *\/\n.elementor-widget-video .elementor-widget-container{overflow:hidden;-webkit-transform:translateZ(0);transform:translateZ(0)}.elementor-widget-video .elementor-open-inline .elementor-custom-embed-image-overlay{position:absolute;top:0;left:0;width:100%;height:100%;-webkit-background-size:cover;background-size:cover;background-position:50%}.elementor-widget-video .elementor-custom-embed-image-overlay{cursor:pointer;text-align:center}.elementor-widget-video .elementor-custom-embed-image-overlay:hover .elementor-custom-embed-play i{opacity:1}.elementor-widget-video .elementor-custom-embed-image-overlay img{display:block;width:100%}.elementor-widget-video .e-hosted-video .elementor-video{-o-object-fit:cover;object-fit:cover}<\/style>\t\t<div class=\"elementor-wrapper elementor-fit-aspect-ratio elementor-open-inline\">\n\t\t\t<iframe class=\"elementor-video-iframe\" allowfullscreen title=\"vimeo Video Oynat\u0131c\u0131\" src=\"https:\/\/player.vimeo.com\/video\/353644939?color&amp;autopause=0&amp;loop=0&amp;muted=0&amp;title=1&amp;portrait=1&amp;byline=1#t=\"><\/iframe>\t\t<\/div>\n\t\t\t\t<\/div>\n\t\t\t\t<\/div>\n\t\t\t\t\t<\/div>\r\n\t\t\t\t<\/div>\r\n\t\t\t\t\t\t<\/div>\r\n\t\t\t\t<\/section>\r\n\t\t\t\t<section class=\"elementor-section elementor-top-section elementor-element elementor-element-42cf823 elementor-section-full_width elementor-section-stretched elementor-section-height-default elementor-section-height-default\" data-id=\"42cf823\" data-element_type=\"section\" data-settings=\"{&quot;stretch_section&quot;:&quot;section-stretched&quot;,&quot;background_background&quot;:&quot;classic&quot;}\">\r\n\t\t\t\r\n\t\t\t\t\t\t\t\t\t<div class=\"elementor-container elementor-column-gap-default\">\r\n\t\t\t\t\t\t\t\t\t\t\t<div class=\"elementor-column elementor-col-100 elementor-top-column elementor-element elementor-element-9a88f0c\" data-id=\"9a88f0c\" data-element_type=\"column\">\r\n\r\n\t\t\t\t\t<div class=\"elementor-widget-wrap elementor-element-populated\">\r\n\t\t\t\t\t\t\t\t<div class=\"elementor-element elementor-element-3133e93 elementor-widget elementor-widget-spacer\" data-id=\"3133e93\" data-element_type=\"widget\" data-widget_type=\"spacer.default\">\n\t\t\t\t<div class=\"elementor-widget-container\">\n\t\t\t\t\t<div class=\"elementor-spacer\">\n\t\t\t<div class=\"elementor-spacer-inner\"><\/div>\n\t\t<\/div>\n\t\t\t\t<\/div>\n\t\t\t\t<\/div>\n\t\t\t\t<div class=\"elementor-element elementor-element-9bd4ffa elementor-widget elementor-widget-heading\" data-id=\"9bd4ffa\" data-element_type=\"widget\" data-widget_type=\"heading.default\">\n\t\t\t\t<div class=\"elementor-widget-container\">\n\t\t\t<h2 class=\"elementor-heading-title elementor-size-default\">Clearshield Pro Matte'in nerelere uygulanabilece\u011fi hakk\u0131nda daha fazla bilgi edinin.\n<\/h2>\t\t<\/div>\n\t\t\t\t<\/div>\n\t\t\t\t<div class=\"elementor-element elementor-element-df6990e elementor-align-center elementor-widget elementor-widget-button\" data-id=\"df6990e\" data-element_type=\"widget\" data-widget_type=\"button.default\">\n\t\t\t\t<div class=\"elementor-widget-container\">\n\t\t\t\t\t<div class=\"elementor-button-wrapper\">\n\t\t\t<a href=\"https:\/\/demoproje.web.tr\/sg\/yetkili-bayiler\/\" class=\"elementor-button-link elementor-button elementor-size-lg\" role=\"button\">\n\t\t\t\t\t\t<span class=\"elementor-button-content-wrapper\">\n\t\t\t\t\t\t<span class=\"elementor-button-text\">Yetkili Bayi Bul<\/span>\n\t\t<\/span>\n\t\t\t\t\t<\/a>\n\t\t<\/div>\n\t\t\t\t<\/div>\n\t\t\t\t<\/div>\n\t\t\t\t<div class=\"elementor-element elementor-element-556adc9 elementor-widget elementor-widget-spacer\" data-id=\"556adc9\" data-element_type=\"widget\" data-widget_type=\"spacer.default\">\n\t\t\t\t<div class=\"elementor-widget-container\">\n\t\t\t\t\t<div class=\"elementor-spacer\">\n\t\t\t<div class=\"elementor-spacer-inner\"><\/div>\n\t\t<\/div>\n\t\t\t\t<\/div>\n\t\t\t\t<\/div>\n\t\t\t\t\t<\/div>\r\n\t\t\t\t<\/div>\r\n\t\t\t\t\t\t<\/div>\r\n\t\t\t\t<\/section>\r\n\t\t\t\t<section class=\"elementor-section elementor-top-section elementor-element elementor-element-2caf960 elementor-section-boxed elementor-section-height-default elementor-section-height-default\" data-id=\"2caf960\" data-element_type=\"section\">\r\n\t\t\t\r\n\t\t\t\t\t\t\t\t\t<div class=\"elementor-container elementor-column-gap-default\">\r\n\t\t\t\t\t\t\t\t\t\t\t<div class=\"elementor-column elementor-col-33 elementor-top-column elementor-element elementor-element-6dc76ac\" data-id=\"6dc76ac\" data-element_type=\"column\">\r\n\r\n\t\t\t\t\t<div class=\"elementor-widget-wrap elementor-element-populated\">\r\n\t\t\t\t\t\t\t\t<div class=\"elementor-element elementor-element-368e4de elementor-widget elementor-widget-image\" data-id=\"368e4de\" data-element_type=\"widget\" data-widget_type=\"image.default\">\n\t\t\t\t<div class=\"elementor-widget-container\">\n\t\t\t\t\t\t\t\t\t\t\t\t\t\t\t\t<a href=\"https:\/\/demoproje.web.tr\/sg\/ppf-clearshield-pro-activ\/\">\n\t\t\t\t\t\t\t<img loading=\"lazy\" decoding=\"async\" width=\"443\" height=\"258\" src=\"https:\/\/demoproje.web.tr\/sg\/wp-content\/uploads\/2026\/04\/solargard-ppf-clear-pro-activ.png\" class=\"attachment-large size-large\" alt=\"\" srcset=\"https:\/\/demoproje.web.tr\/sg\/wp-content\/uploads\/2026\/04\/solargard-ppf-clear-pro-activ.png 443w, https:\/\/demoproje.web.tr\/sg\/wp-content\/uploads\/2026\/04\/solargard-ppf-clear-pro-activ-400x233.png 400w\" sizes=\"auto, (max-width: 443px) 100vw, 443px\" \/>\t\t\t\t\t\t\t\t<\/a>\n\t\t\t\t\t\t\t\t\t\t\t\t\t\t\t<\/div>\n\t\t\t\t<\/div>\n\t\t\t\t<div class=\"elementor-element elementor-element-50ba88b elementor-widget elementor-widget-heading\" data-id=\"50ba88b\" data-element_type=\"widget\" data-widget_type=\"heading.default\">\n\t\t\t\t<div class=\"elementor-widget-container\">\n\t\t\t<h3 class=\"elementor-heading-title elementor-size-default\"><a href=\"https:\/\/demoproje.web.tr\/sg\/ppf-clearshield-pro-activ\/\">Clearshield Pro ACTIV<\/a><\/h3>\t\t<\/div>\n\t\t\t\t<\/div>\n\t\t\t\t\t<\/div>\r\n\t\t\t\t<\/div>\r\n\t\t\t\t<div class=\"elementor-column elementor-col-33 elementor-top-column elementor-element elementor-element-5502cc8\" data-id=\"5502cc8\" data-element_type=\"column\">\r\n\r\n\t\t\t\t\t<div class=\"elementor-widget-wrap elementor-element-populated\">\r\n\t\t\t\t\t\t\t\t<div class=\"elementor-element elementor-element-4b87447 elementor-widget elementor-widget-image\" data-id=\"4b87447\" data-element_type=\"widget\" data-widget_type=\"image.default\">\n\t\t\t\t<div class=\"elementor-widget-container\">\n\t\t\t\t\t\t\t\t\t\t\t\t\t\t\t\t<a href=\"https:\/\/demoproje.web.tr\/sg\/solar-gard-turkiye-arac-ppf-kaplama-clearshield-pro-hydro\/\">\n\t\t\t\t\t\t\t<img loading=\"lazy\" decoding=\"async\" width=\"444\" height=\"259\" src=\"https:\/\/demoproje.web.tr\/sg\/wp-content\/uploads\/2026\/04\/solargard-ppf-clear-pro-hydro.png\" class=\"attachment-large size-large\" alt=\"\" srcset=\"https:\/\/demoproje.web.tr\/sg\/wp-content\/uploads\/2026\/04\/solargard-ppf-clear-pro-hydro.png 444w, https:\/\/demoproje.web.tr\/sg\/wp-content\/uploads\/2026\/04\/solargard-ppf-clear-pro-hydro-400x233.png 400w\" sizes=\"auto, (max-width: 444px) 100vw, 444px\" \/>\t\t\t\t\t\t\t\t<\/a>\n\t\t\t\t\t\t\t\t\t\t\t\t\t\t\t<\/div>\n\t\t\t\t<\/div>\n\t\t\t\t<div class=\"elementor-element elementor-element-163ba9c elementor-widget elementor-widget-heading\" data-id=\"163ba9c\" data-element_type=\"widget\" data-widget_type=\"heading.default\">\n\t\t\t\t<div class=\"elementor-widget-container\">\n\t\t\t<h3 class=\"elementor-heading-title elementor-size-default\"><a href=\"https:\/\/demoproje.web.tr\/sg\/solar-gard-turkiye-arac-ppf-kaplama-clearshield-pro-hydro\/\">Clearshield PRO Hydro<\/a><\/h3>\t\t<\/div>\n\t\t\t\t<\/div>\n\t\t\t\t\t<\/div>\r\n\t\t\t\t<\/div>\r\n\t\t\t\t<div class=\"elementor-column elementor-col-33 elementor-top-column elementor-element elementor-element-8518509\" data-id=\"8518509\" data-element_type=\"column\">\r\n\r\n\t\t\t\t\t<div class=\"elementor-widget-wrap elementor-element-populated\">\r\n\t\t\t\t\t\t\t\t<div class=\"elementor-element elementor-element-9bdd95b elementor-widget elementor-widget-image\" data-id=\"9bdd95b\" data-element_type=\"widget\" data-widget_type=\"image.default\">\n\t\t\t\t<div class=\"elementor-widget-container\">\n\t\t\t\t\t\t\t\t\t\t\t\t\t\t\t\t<a href=\"http:\/\/mat\">\n\t\t\t\t\t\t\t<img loading=\"lazy\" decoding=\"async\" width=\"441\" height=\"258\" src=\"https:\/\/demoproje.web.tr\/sg\/wp-content\/uploads\/2026\/04\/solargard-ppf-clear-pro-matte.png\" class=\"attachment-large size-large\" alt=\"\" srcset=\"https:\/\/demoproje.web.tr\/sg\/wp-content\/uploads\/2026\/04\/solargard-ppf-clear-pro-matte.png 441w, https:\/\/demoproje.web.tr\/sg\/wp-content\/uploads\/2026\/04\/solargard-ppf-clear-pro-matte-400x234.png 400w\" sizes=\"auto, (max-width: 441px) 100vw, 441px\" \/>\t\t\t\t\t\t\t\t<\/a>\n\t\t\t\t\t\t\t\t\t\t\t\t\t\t\t<\/div>\n\t\t\t\t<\/div>\n\t\t\t\t<div class=\"elementor-element elementor-element-07adad9 elementor-widget elementor-widget-heading\" data-id=\"07adad9\" data-element_type=\"widget\" data-widget_type=\"heading.default\">\n\t\t\t\t<div class=\"elementor-widget-container\">\n\t\t\t<h3 class=\"elementor-heading-title elementor-size-default\"><a href=\"https:\/\/demoproje.web.tr\/sg\/ppf-clearshield-pro-activ\/\">Clearshield PRO Matte<\/a><\/h3>\t\t<\/div>\n\t\t\t\t<\/div>\n\t\t\t\t\t<\/div>\r\n\t\t\t\t<\/div>\r\n\t\t\t\t\t\t<\/div>\r\n\t\t\t\t<\/section>\r\n\t\t\t\t\t\t<\/div>\n\t\t\t\t\t<\/div>\n\t\t","protected":false},"excerpt":{"rendered":"<p>Ara\u00e7 Cam Filmleri Nano-Ceramic Serisi CX Magnum Black CX Magnum IR Ultra Performance Ultra Performance Plus VortexIR\u2122 Ceramic High Performance Serisi HP Quantum HP Supreme HP Charcoal HP Smoke Plus LX Serisi Non Reflective Serisi NR Galaxie NR Supreme NR Charcoal NR Smoke Plus S\u00fcr\u00fc\u015f Cam\u0131 Serisi Marin Serisi Boya Koruma Filmleri PPF Clearshield Pro\u00ae [&hellip;]<\/p>\n","protected":false},"author":1,"featured_media":0,"parent":0,"menu_order":0,"comment_status":"closed","ping_status":"closed","template":"","meta":{"_acf_changed":false,"footnotes":""},"class_list":["post-2897","page","type-page","status-publish","hentry"],"acf":[],"_links":{"self":[{"href":"https:\/\/demoproje.web.tr\/sg\/wp-json\/wp\/v2\/pages\/2897","targetHints":{"allow":["GET"]}}],"collection":[{"href":"https:\/\/demoproje.web.tr\/sg\/wp-json\/wp\/v2\/pages"}],"about":[{"href":"https:\/\/demoproje.web.tr\/sg\/wp-json\/wp\/v2\/types\/page"}],"author":[{"embeddable":true,"href":"https:\/\/demoproje.web.tr\/sg\/wp-json\/wp\/v2\/users\/1"}],"replies":[{"embeddable":true,"href":"https:\/\/demoproje.web.tr\/sg\/wp-json\/wp\/v2\/comments?post=2897"}],"version-history":[{"count":13,"href":"https:\/\/demoproje.web.tr\/sg\/wp-json\/wp\/v2\/pages\/2897\/revisions"}],"predecessor-version":[{"id":3017,"href":"https:\/\/demoproje.web.tr\/sg\/wp-json\/wp\/v2\/pages\/2897\/revisions\/3017"}],"wp:attachment":[{"href":"https:\/\/demoproje.web.tr\/sg\/wp-json\/wp\/v2\/media?parent=2897"}],"curies":[{"name":"wp","href":"https:\/\/api.w.org\/{rel}","templated":true}]}}